{"id":3257,"date":"2020-12-06T14:23:02","date_gmt":"2020-12-06T13:23:02","guid":{"rendered":"https:\/\/bielypotok.canagon.net\/?page_id=3257"},"modified":"2021-08-23T14:45:18","modified_gmt":"2021-08-23T13:45:18","slug":"startseite","status":"publish","type":"page","link":"https:\/\/www.bielypotok.com\/de","title":{"rendered":"Startseite"},"content":{"rendered":"\t\t<div data-elementor-type=\"wp-page\" data-elementor-id=\"3257\" class=\"elementor elementor-3257\" data-elementor-post-type=\"page\">\n\t\t\t\t\t\t<section class=\"elementor-section elementor-top-section elementor-element elementor-element-8feedb5 elementor-section-height-min-height elementor-section-boxed elementor-section-height-default elementor-section-items-middle\" data-id=\"8feedb5\" data-element_type=\"section\" data-e-type=\"section\" data-settings=\"{&quot;background_background&quot;:&quot;slideshow&quot;,&quot;background_slideshow_gallery&quot;:[{&quot;id&quot;:3767,&quot;url&quot;:&quot;https:\\\/\\\/www.bielypotok.com\\\/wp-content\\\/uploads\\\/header2-crop.jpg&quot;},{&quot;id&quot;:3763,&quot;url&quot;:&quot;https:\\\/\\\/www.bielypotok.com\\\/wp-content\\\/uploads\\\/header4-crop.jpg&quot;},{&quot;id&quot;:3774,&quot;url&quot;:&quot;https:\\\/\\\/www.bielypotok.com\\\/wp-content\\\/uploads\\\/header-15-crop.jpg&quot;},{&quot;id&quot;:3755,&quot;url&quot;:&quot;https:\\\/\\\/www.bielypotok.com\\\/wp-content\\\/uploads\\\/header3-crop.jpg&quot;},{&quot;id&quot;:3802,&quot;url&quot;:&quot;https:\\\/\\\/www.bielypotok.com\\\/wp-content\\\/uploads\\\/header-19-crop.jpg&quot;}],&quot;background_slideshow_loop&quot;:&quot;yes&quot;,&quot;background_slideshow_slide_duration&quot;:5000,&quot;background_slideshow_slide_transition&quot;:&quot;fade&quot;,&quot;background_slideshow_transition_duration&quot;:500}\">\n\t\t\t\t\t\t\t<div class=\"elementor-background-overlay\"><\/div>\n\t\t\t\t\t\t\t<div class=\"elementor-container elementor-column-gap-default\">\n\t\t\t\t\t<div class=\"elementor-column elementor-col-100 elementor-top-column elementor-element elementor-element-9f17148\" data-id=\"9f17148\" data-element_type=\"column\" data-e-type=\"column\">\n\t\t\t<div class=\"elementor-widget-wrap\">\n\t\t\t\t\t\t\t<\/div>\n\t\t<\/div>\n\t\t\t\t\t<\/div>\n\t\t<\/section>\n\t\t\t\t<section class=\"elementor-section elementor-top-section elementor-element elementor-element-012ecd3 elementor-section-content-middle elementor-section-boxed elementor-section-height-default elementor-section-height-default\" data-id=\"012ecd3\" data-element_type=\"section\" data-e-type=\"section\">\n\t\t\t\t\t\t<div class=\"elementor-container elementor-column-gap-default\">\n\t\t\t\t\t<div class=\"elementor-column elementor-col-100 elementor-top-column elementor-element elementor-element-216b343\" data-id=\"216b343\" data-element_type=\"column\" data-e-type=\"column\">\n\t\t\t<div class=\"elementor-widget-wrap elementor-element-populated\">\n\t\t\t\t\t\t<div class=\"elementor-element elementor-element-6ed8ca3 elementor-widget elementor-widget-heading\" data-id=\"6ed8ca3\" data-element_type=\"widget\" data-e-type=\"widget\" data-widget_type=\"heading.default\">\n\t\t\t\t<div class=\"elementor-widget-container\">\n\t\t\t\t\t<h1 class=\"elementor-heading-title elementor-size-default\">Biely potok a.s.<\/h1>\t\t\t\t<\/div>\n\t\t\t\t<\/div>\n\t\t\t\t<div class=\"elementor-element elementor-element-9375f91 elementor-widget elementor-widget-text-editor\" data-id=\"9375f91\" data-element_type=\"widget\" data-e-type=\"widget\" data-widget_type=\"text-editor.default\">\n\t\t\t\t<div class=\"elementor-widget-container\">\n\t\t\t\t\t\t\t\t\t<p>Herzlich Willkommen bei der Internetseite der Gesellschaft Biely potok.<\/p><p>Es wird Ihnen eines der sch\u00f6nsten Gebiete in der Slowakei mit einer ziemlichen \u00dcberh\u00f6hung, Kalkfelsen und gemischtem Buchen-Kieferwald vorgestellt.<\/p>\t\t\t\t\t\t\t\t<\/div>\n\t\t\t\t<\/div>\n\t\t\t\t\t<\/div>\n\t\t<\/div>\n\t\t\t\t\t<\/div>\n\t\t<\/section>\n\t\t\t\t<section class=\"elementor-section elementor-top-section elementor-element elementor-element-21b662a elementor-section-boxed elementor-section-height-default elementor-section-height-default\" data-id=\"21b662a\" data-element_type=\"section\" data-e-type=\"section\">\n\t\t\t\t\t\t<div class=\"elementor-container elementor-column-gap-default\">\n\t\t\t\t\t<div class=\"elementor-column elementor-col-100 elementor-top-column elementor-element elementor-element-5f28c25\" data-id=\"5f28c25\" data-element_type=\"column\" data-e-type=\"column\">\n\t\t\t<div class=\"elementor-widget-wrap elementor-element-populated\">\n\t\t\t\t\t\t<div class=\"elementor-element elementor-element-7eae0b3 elementor-widget elementor-widget-video\" data-id=\"7eae0b3\" data-element_type=\"widget\" data-e-type=\"widget\" data-settings=\"{&quot;youtube_url&quot;:&quot;https:\\\/\\\/www.youtube.com\\\/watch?v=it5T78nQ6WI&quot;,&quot;video_type&quot;:&quot;youtube&quot;,&quot;controls&quot;:&quot;yes&quot;}\" data-widget_type=\"video.default\">\n\t\t\t\t<div class=\"elementor-widget-container\">\n\t\t\t\t\t\t\t<div class=\"elementor-wrapper elementor-open-inline\">\n\t\t\t<div class=\"elementor-video\"><\/div>\t\t<\/div>\n\t\t\t\t\t\t<\/div>\n\t\t\t\t<\/div>\n\t\t\t\t\t<\/div>\n\t\t<\/div>\n\t\t\t\t\t<\/div>\n\t\t<\/section>\n\t\t\t\t<\/div>\n\t\t","protected":false},"excerpt":{"rendered":"<p>Biely potok a.s. Herzlich Willkommen bei der Internetseite der Gesellschaft Biely potok. Es wird Ihnen eines der sch\u00f6nsten Gebiete in der Slowakei mit einer ziemlichen \u00dcberh\u00f6hung, Kalkfelsen und gemischtem Buchen-Kieferwald vorgestellt. https:\/\/www.youtube.com\/watch?v=it5T78nQ6WI<\/p>\n","protected":false},"author":1,"featured_media":0,"parent":0,"menu_order":0,"comment_status":"closed","ping_status":"closed","template":"","meta":{"footnotes":""},"class_list":["post-3257","page","type-page","status-publish","hentry"],"_links":{"self":[{"href":"https:\/\/www.bielypotok.com\/de\/wp-json\/wp\/v2\/pages\/3257","targetHints":{"allow":["GET"]}}],"collection":[{"href":"https:\/\/www.bielypotok.com\/de\/wp-json\/wp\/v2\/pages"}],"about":[{"href":"https:\/\/www.bielypotok.com\/de\/wp-json\/wp\/v2\/types\/page"}],"author":[{"embeddable":true,"href":"https:\/\/www.bielypotok.com\/de\/wp-json\/wp\/v2\/users\/1"}],"replies":[{"embeddable":true,"href":"https:\/\/www.bielypotok.com\/de\/wp-json\/wp\/v2\/comments?post=3257"}],"version-history":[{"count":14,"href":"https:\/\/www.bielypotok.com\/de\/wp-json\/wp\/v2\/pages\/3257\/revisions"}],"predecessor-version":[{"id":3875,"href":"https:\/\/www.bielypotok.com\/de\/wp-json\/wp\/v2\/pages\/3257\/revisions\/3875"}],"wp:attachment":[{"href":"https:\/\/www.bielypotok.com\/de\/wp-json\/wp\/v2\/media?parent=3257"}],"curies":[{"name":"wp","href":"https:\/\/api.w.org\/{rel}","templated":true}]}}