{"id":3318,"date":"2020-12-06T15:31:12","date_gmt":"2020-12-06T14:31:12","guid":{"rendered":"https:\/\/bielypotok.canagon.net\/?page_id=3318"},"modified":"2020-12-06T16:36:45","modified_gmt":"2020-12-06T15:36:45","slug":"firmenprofil","status":"publish","type":"page","link":"https:\/\/www.bielypotok.com\/de\/firmenprofil","title":{"rendered":"Firmenprofil"},"content":{"rendered":"\t\t<div data-elementor-type=\"wp-page\" data-elementor-id=\"3318\" class=\"elementor elementor-3318\" data-elementor-post-type=\"page\">\n\t\t\t\t\t\t<section class=\"elementor-section elementor-top-section elementor-element elementor-element-30524f4 elementor-section-boxed elementor-section-height-default elementor-section-height-default\" data-id=\"30524f4\" data-element_type=\"section\" data-e-type=\"section\">\n\t\t\t\t\t\t<div class=\"elementor-container elementor-column-gap-default\">\n\t\t\t\t\t<div class=\"elementor-column elementor-col-100 elementor-top-column elementor-element elementor-element-662812c\" data-id=\"662812c\" data-element_type=\"column\" data-e-type=\"column\">\n\t\t\t<div class=\"elementor-widget-wrap elementor-element-populated\">\n\t\t\t\t\t\t<div class=\"elementor-element elementor-element-c055af2 elementor-widget elementor-widget-text-editor\" data-id=\"c055af2\" data-element_type=\"widget\" data-e-type=\"widget\" data-widget_type=\"text-editor.default\">\n\t\t\t\t<div class=\"elementor-widget-container\">\n\t\t\t\t\t\t\t\t\t<h2>Firmenprofil<\/h2>\t\t\t\t\t\t\t\t<\/div>\n\t\t\t\t<\/div>\n\t\t\t\t<div class=\"elementor-element elementor-element-544eca0 elementor-widget elementor-widget-text-editor\" data-id=\"544eca0\" data-element_type=\"widget\" data-e-type=\"widget\" data-widget_type=\"text-editor.default\">\n\t\t\t\t<div class=\"elementor-widget-container\">\n\t\t\t\t\t\t\t\t\t<p>Die Aktiengesellschaft Biely potok, a.s. Pova\u017esk\u00e1 Bystrica konzentriert sich im Rahmen ihrer T\u00e4tigkeit auf intensive Zucht von Schmaltieren mit einem besonders wertvollen Genofonds und hohem Troph\u00e4enwert zu Jagd- und Zuchtzwecken. Die Absicht ist ebenso eine Bluterfrischung in anderen Gebieten im Sinne der Jagdbezirke der Slowakei.<\/p><p>Unternehmungsgegenstand ist ebenso Verwaltung von Waldgrundst\u00fccken im Eigentum der Gesellschaft bei Einhaltung von Grunds\u00e4tzen f\u00fcr die Bewirtschaftung der W\u00e4lder,<\/p>\t\t\t\t\t\t\t\t<\/div>\n\t\t\t\t<\/div>\n\t\t\t\t\t<\/div>\n\t\t<\/div>\n\t\t\t\t\t<\/div>\n\t\t<\/section>\n\t\t\t\t<\/div>\n\t\t","protected":false},"excerpt":{"rendered":"<p>Firmenprofil Die Aktiengesellschaft Biely potok, a.s. Pova\u017esk\u00e1 Bystrica konzentriert sich im Rahmen ihrer T\u00e4tigkeit auf intensive Zucht von Schmaltieren mit einem besonders wertvollen Genofonds und hohem Troph\u00e4enwert zu Jagd- und Zuchtzwecken. Die Absicht ist ebenso eine Bluterfrischung in anderen Gebieten im Sinne der Jagdbezirke der Slowakei. Unternehmungsgegenstand ist ebenso Verwaltung von Waldgrundst\u00fccken im Eigentum der [&hellip;]<\/p>\n","protected":false},"author":1,"featured_media":0,"parent":0,"menu_order":0,"comment_status":"closed","ping_status":"closed","template":"","meta":{"footnotes":""},"class_list":["post-3318","page","type-page","status-publish","hentry"],"_links":{"self":[{"href":"https:\/\/www.bielypotok.com\/de\/wp-json\/wp\/v2\/pages\/3318","targetHints":{"allow":["GET"]}}],"collection":[{"href":"https:\/\/www.bielypotok.com\/de\/wp-json\/wp\/v2\/pages"}],"about":[{"href":"https:\/\/www.bielypotok.com\/de\/wp-json\/wp\/v2\/types\/page"}],"author":[{"embeddable":true,"href":"https:\/\/www.bielypotok.com\/de\/wp-json\/wp\/v2\/users\/1"}],"replies":[{"embeddable":true,"href":"https:\/\/www.bielypotok.com\/de\/wp-json\/wp\/v2\/comments?post=3318"}],"version-history":[{"count":5,"href":"https:\/\/www.bielypotok.com\/de\/wp-json\/wp\/v2\/pages\/3318\/revisions"}],"predecessor-version":[{"id":3491,"href":"https:\/\/www.bielypotok.com\/de\/wp-json\/wp\/v2\/pages\/3318\/revisions\/3491"}],"wp:attachment":[{"href":"https:\/\/www.bielypotok.com\/de\/wp-json\/wp\/v2\/media?parent=3318"}],"curies":[{"name":"wp","href":"https:\/\/api.w.org\/{rel}","templated":true}]}}