{"id":3336,"date":"2020-12-06T15:35:50","date_gmt":"2020-12-06T14:35:50","guid":{"rendered":"https:\/\/bielypotok.canagon.net\/?page_id=3336"},"modified":"2020-12-06T16:35:58","modified_gmt":"2020-12-06T15:35:58","slug":"lokalitaet","status":"publish","type":"page","link":"https:\/\/www.bielypotok.com\/de\/lokalitaet","title":{"rendered":"Lokalit\u00e4t"},"content":{"rendered":"\t\t<div data-elementor-type=\"wp-page\" data-elementor-id=\"3336\" class=\"elementor elementor-3336\" data-elementor-post-type=\"page\">\n\t\t\t\t\t\t<section class=\"elementor-section elementor-top-section elementor-element elementor-element-9740172 elementor-section-boxed elementor-section-height-default elementor-section-height-default\" data-id=\"9740172\" data-element_type=\"section\" data-e-type=\"section\">\n\t\t\t\t\t\t<div class=\"elementor-container elementor-column-gap-default\">\n\t\t\t\t\t<div class=\"elementor-column elementor-col-100 elementor-top-column elementor-element elementor-element-70e03f2\" data-id=\"70e03f2\" data-element_type=\"column\" data-e-type=\"column\">\n\t\t\t<div class=\"elementor-widget-wrap elementor-element-populated\">\n\t\t\t\t\t\t<div class=\"elementor-element elementor-element-8cda7d0 elementor-widget elementor-widget-text-editor\" data-id=\"8cda7d0\" data-element_type=\"widget\" data-e-type=\"widget\" data-widget_type=\"text-editor.default\">\n\t\t\t\t<div class=\"elementor-widget-container\">\n\t\t\t\t\t\t\t\t\t<h2>Lokalit\u00e4t<\/h2>\t\t\t\t\t\t\t\t<\/div>\n\t\t\t\t<\/div>\n\t\t\t\t<div class=\"elementor-element elementor-element-bc9858b elementor-widget elementor-widget-text-editor\" data-id=\"bc9858b\" data-element_type=\"widget\" data-e-type=\"widget\" data-widget_type=\"text-editor.default\">\n\t\t\t\t<div class=\"elementor-widget-container\">\n\t\t\t\t\t\t\t\t\t<p>Das Gehege Biely potok befindet sich in der Region Tren\u010diansky kraj, Bezirk Pova\u017esk\u00e1 Bystrica, Katastergebiet der Gemeinden T\u0155stie und Pru\u017eina in der H\u00f6he von ungef\u00e4hr 400 m \u00fcber dem Meer. Nach der Jagdgebietsordnung geh\u00f6rt es zum Gebiet zur Zucht von Rotwild J III Str\u00e1\u017eovsk\u00e9 vrchy, Subgebiet Str\u00e1\u017eov. Die Gesamtfl\u00e4che des Geheges betr\u00e4gt 246 ha. Davon sind 204 ha \/83%\/ Waldbestand und 42 ha \/17%\/ landwirtschaftlicher Boden (Wiesen und Weiden).<\/p><p>Im Rahmen des Waldbestandes sind Laubb\u00e4ume mit 57 % und Nadelb\u00e4ume mit 43 % vertreten. Dominant ist dabei die Buche mit 57 %, danach folgt der Kiefer \/30 %\/ und Fichten mit 13 %. Das Gebiet befindet sich in der milden Klimazone. Den geologischen Untergrund bilden Trias-Kalksteine mit Beimischung von Schiefersteinen, die zur \u00dcberschiebungsdecke von Cho\u010d geh\u00f6ren. Aus der Sicht eines J\u00e4gers gesehen, handelt es sich um eine besonders attraktive Lokalit\u00e4t mit ab und zu fast unzug\u00e4nglichem Terrain und Felsenschluchten.<\/p>\t\t\t\t\t\t\t\t<\/div>\n\t\t\t\t<\/div>\n\t\t\t\t<div class=\"elementor-element elementor-element-29524e3 elementor-widget elementor-widget-image\" data-id=\"29524e3\" data-element_type=\"widget\" data-e-type=\"widget\" data-widget_type=\"image.default\">\n\t\t\t\t<div class=\"elementor-widget-container\">\n\t\t\t\t\t\t\t\t\t\t\t\t\t\t\t<img fetchpriority=\"high\" decoding=\"async\" width=\"300\" height=\"269\" src=\"https:\/\/www.bielypotok.com\/wp-content\/uploads\/lokalita-w300.jpg\" class=\"attachment-large size-large wp-image-308\" alt=\"\" \/>\t\t\t\t\t\t\t\t\t\t\t\t\t\t\t<\/div>\n\t\t\t\t<\/div>\n\t\t\t\t\t<\/div>\n\t\t<\/div>\n\t\t\t\t\t<\/div>\n\t\t<\/section>\n\t\t\t\t<\/div>\n\t\t","protected":false},"excerpt":{"rendered":"<p>Lokalit\u00e4t Das Gehege Biely potok befindet sich in der Region Tren\u010diansky kraj, Bezirk Pova\u017esk\u00e1 Bystrica, Katastergebiet der Gemeinden T\u0155stie und Pru\u017eina in der H\u00f6he von ungef\u00e4hr 400 m \u00fcber dem Meer. Nach der Jagdgebietsordnung geh\u00f6rt es zum Gebiet zur Zucht von Rotwild J III Str\u00e1\u017eovsk\u00e9 vrchy, Subgebiet Str\u00e1\u017eov. Die Gesamtfl\u00e4che des Geheges betr\u00e4gt 246 ha. [&hellip;]<\/p>\n","protected":false},"author":1,"featured_media":0,"parent":0,"menu_order":0,"comment_status":"closed","ping_status":"closed","template":"","meta":{"footnotes":""},"class_list":["post-3336","page","type-page","status-publish","hentry"],"_links":{"self":[{"href":"https:\/\/www.bielypotok.com\/de\/wp-json\/wp\/v2\/pages\/3336","targetHints":{"allow":["GET"]}}],"collection":[{"href":"https:\/\/www.bielypotok.com\/de\/wp-json\/wp\/v2\/pages"}],"about":[{"href":"https:\/\/www.bielypotok.com\/de\/wp-json\/wp\/v2\/types\/page"}],"author":[{"embeddable":true,"href":"https:\/\/www.bielypotok.com\/de\/wp-json\/wp\/v2\/users\/1"}],"replies":[{"embeddable":true,"href":"https:\/\/www.bielypotok.com\/de\/wp-json\/wp\/v2\/comments?post=3336"}],"version-history":[{"count":5,"href":"https:\/\/www.bielypotok.com\/de\/wp-json\/wp\/v2\/pages\/3336\/revisions"}],"predecessor-version":[{"id":3489,"href":"https:\/\/www.bielypotok.com\/de\/wp-json\/wp\/v2\/pages\/3336\/revisions\/3489"}],"wp:attachment":[{"href":"https:\/\/www.bielypotok.com\/de\/wp-json\/wp\/v2\/media?parent=3336"}],"curies":[{"name":"wp","href":"https:\/\/api.w.org\/{rel}","templated":true}]}}