{"id":3351,"date":"2020-12-06T15:39:39","date_gmt":"2020-12-06T14:39:39","guid":{"rendered":"https:\/\/bielypotok.canagon.net\/?page_id=3351"},"modified":"2020-12-06T16:37:49","modified_gmt":"2020-12-06T15:37:49","slug":"zweck-und-ziel","status":"publish","type":"page","link":"https:\/\/www.bielypotok.com\/de\/zweck-und-ziel","title":{"rendered":"Zweck und Ziel"},"content":{"rendered":"\t\t<div data-elementor-type=\"wp-page\" data-elementor-id=\"3351\" class=\"elementor elementor-3351\" data-elementor-post-type=\"page\">\n\t\t\t\t\t\t<section class=\"elementor-section elementor-top-section elementor-element elementor-element-39f9c94 elementor-section-boxed elementor-section-height-default elementor-section-height-default\" data-id=\"39f9c94\" data-element_type=\"section\" data-e-type=\"section\">\n\t\t\t\t\t\t<div class=\"elementor-container elementor-column-gap-default\">\n\t\t\t\t\t<div class=\"elementor-column elementor-col-100 elementor-top-column elementor-element elementor-element-f091443\" data-id=\"f091443\" data-element_type=\"column\" data-e-type=\"column\">\n\t\t\t<div class=\"elementor-widget-wrap elementor-element-populated\">\n\t\t\t\t\t\t<div class=\"elementor-element elementor-element-b96f556 elementor-widget elementor-widget-text-editor\" data-id=\"b96f556\" data-element_type=\"widget\" data-e-type=\"widget\" data-widget_type=\"text-editor.default\">\n\t\t\t\t<div class=\"elementor-widget-container\">\n\t\t\t\t\t\t\t\t\t<h2>Zweck und Ziel<\/h2>\t\t\t\t\t\t\t\t<\/div>\n\t\t\t\t<\/div>\n\t\t\t\t<div class=\"elementor-element elementor-element-cc2f1c0 elementor-widget elementor-widget-text-editor\" data-id=\"cc2f1c0\" data-element_type=\"widget\" data-e-type=\"widget\" data-widget_type=\"text-editor.default\">\n\t\t\t\t<div class=\"elementor-widget-container\">\n\t\t\t\t\t\t\t\t\t<p>Biely potok a.s. befasst sich intensiv mit der Zucht von Rotwild der urspr\u00fcnglichen karpatischen Subart \/Cervus elaphus montanus\/, das von den besten nat\u00fcrlichen Lokalit\u00e4ten kommt, zwecks Verbesserung und Bewahrung des Genofonds dieser Tierart.<\/p><p>Die Grundherde von Rotwild bildet der Zuchthirsch urspr\u00fcnglich vom karpatischen Gebiet in Rum\u00e4nien und Hirschk\u00fche aus Ungarn. Diese qualit\u00e4tsm\u00e4\u00dfige Basis samt Spitzenf\u00fcrsorge, egal ob hinsichtlich Ern\u00e4hrung oder aus der tier\u00e4rztlichen Sicht, ist Voraussetzung f\u00fcr au\u00dfergew\u00f6hnlich qualit\u00e4tsm\u00e4\u00dfige Einzeltiere der urspr\u00fcnglichen karpatischen Rothirsche. Ein Beweis daf\u00fcr sind junge Hirschen, die bereits im Gehege Biely potok geboren wurden, deren Geweih bereits im 1. Jahr \u00fcberdurchschnittliche Werte erreicht. Tr\u00e4ger von hochwertigen Genen sind ebenfalls junge Hirschen, die bereits von unserem Gehege kommen. Eine notwendige Bedingung f\u00fcr eine Qualit\u00e4tszucht ist eine konsequente Erfassung aller Tiere auf Erfassungsb\u00f6gen, die uns erm\u00f6glicht, den Ursprung eines jeden Einzeltiers zu kennen und dies bei der weiteren Zuchtplanung von Rothirschen zu nutzen.<\/p><p>Rotwild wird separat in gebildeten Zonen nach dem Alter und Geschlecht gez\u00fcchtet.<\/p><p>Im Grund- (das hei\u00dft Zucht-) Gebiet wird der Haupthirsch und ungef\u00e4hr 30-40 erwachsene Hirschk\u00fche gez\u00fcchtet. Hiermit ist die Deckung nur von den besten Hirschen sichergestellt und deren eventuelle Ersch\u00f6pfung gesch\u00fctzt, die sich in der Qualit\u00e4t des Geweihs oder im Nachwuchs widerspiegelt.<\/p><p>Im Generationsgehege I. werden junge Hirschen gez\u00fcchtet, die wie K\u00e4lber zu Jahresende von den M\u00fcttern abgestellt werden und durch deren Isolierung wird die notwendige F\u00fctterung sichergestellt, die auf das richtige Wachsen des Gerippes und K\u00f6rpers ausgerichtet ist.<\/p><p>Im Generationsgehege II. werden Hirschen ab dem 3. Lebensjahr gez\u00fcchtet. Bei diesen werden die Ern\u00e4hrung und das Futter auf gesundes Geweih ausgerichtet, da das Gerippe und K\u00f6rper ausreichend entwickelt sind und deren Wachstum beendet ist.<\/p><p>Gro\u00dfes Jagdgehege \u2013 hier werden Einzeltiere zu Jagdzwecken ausgelassen.<\/p>\t\t\t\t\t\t\t\t<\/div>\n\t\t\t\t<\/div>\n\t\t\t\t\t<\/div>\n\t\t<\/div>\n\t\t\t\t\t<\/div>\n\t\t<\/section>\n\t\t\t\t<\/div>\n\t\t","protected":false},"excerpt":{"rendered":"<p>Zweck und Ziel Biely potok a.s. befasst sich intensiv mit der Zucht von Rotwild der urspr\u00fcnglichen karpatischen Subart \/Cervus elaphus montanus\/, das von den besten nat\u00fcrlichen Lokalit\u00e4ten kommt, zwecks Verbesserung und Bewahrung des Genofonds dieser Tierart. Die Grundherde von Rotwild bildet der Zuchthirsch urspr\u00fcnglich vom karpatischen Gebiet in Rum\u00e4nien und Hirschk\u00fche aus Ungarn. Diese qualit\u00e4tsm\u00e4\u00dfige [&hellip;]<\/p>\n","protected":false},"author":1,"featured_media":0,"parent":0,"menu_order":0,"comment_status":"closed","ping_status":"closed","template":"","meta":{"footnotes":""},"class_list":["post-3351","page","type-page","status-publish","hentry"],"_links":{"self":[{"href":"https:\/\/www.bielypotok.com\/de\/wp-json\/wp\/v2\/pages\/3351","targetHints":{"allow":["GET"]}}],"collection":[{"href":"https:\/\/www.bielypotok.com\/de\/wp-json\/wp\/v2\/pages"}],"about":[{"href":"https:\/\/www.bielypotok.com\/de\/wp-json\/wp\/v2\/types\/page"}],"author":[{"embeddable":true,"href":"https:\/\/www.bielypotok.com\/de\/wp-json\/wp\/v2\/users\/1"}],"replies":[{"embeddable":true,"href":"https:\/\/www.bielypotok.com\/de\/wp-json\/wp\/v2\/comments?post=3351"}],"version-history":[{"count":5,"href":"https:\/\/www.bielypotok.com\/de\/wp-json\/wp\/v2\/pages\/3351\/revisions"}],"predecessor-version":[{"id":3493,"href":"https:\/\/www.bielypotok.com\/de\/wp-json\/wp\/v2\/pages\/3351\/revisions\/3493"}],"wp:attachment":[{"href":"https:\/\/www.bielypotok.com\/de\/wp-json\/wp\/v2\/media?parent=3351"}],"curies":[{"name":"wp","href":"https:\/\/api.w.org\/{rel}","templated":true}]}}