{"id":3366,"date":"2020-12-06T15:44:26","date_gmt":"2020-12-06T14:44:26","guid":{"rendered":"https:\/\/bielypotok.canagon.net\/?page_id=3366"},"modified":"2020-12-06T16:35:31","modified_gmt":"2020-12-06T15:35:31","slug":"fuetterung-und-ernaehrung","status":"publish","type":"page","link":"https:\/\/www.bielypotok.com\/de\/fuetterung-und-ernaehrung","title":{"rendered":"F\u00fctterung und Ern\u00e4hrung"},"content":{"rendered":"\t\t<div data-elementor-type=\"wp-page\" data-elementor-id=\"3366\" class=\"elementor elementor-3366\" data-elementor-post-type=\"page\">\n\t\t\t\t\t\t<section class=\"elementor-section elementor-top-section elementor-element elementor-element-1a60bb9 elementor-section-boxed elementor-section-height-default elementor-section-height-default\" data-id=\"1a60bb9\" data-element_type=\"section\" data-e-type=\"section\">\n\t\t\t\t\t\t<div class=\"elementor-container elementor-column-gap-default\">\n\t\t\t\t\t<div class=\"elementor-column elementor-col-100 elementor-top-column elementor-element elementor-element-bb486e3\" data-id=\"bb486e3\" data-element_type=\"column\" data-e-type=\"column\">\n\t\t\t<div class=\"elementor-widget-wrap elementor-element-populated\">\n\t\t\t\t\t\t<div class=\"elementor-element elementor-element-fda18e0 elementor-widget elementor-widget-text-editor\" data-id=\"fda18e0\" data-element_type=\"widget\" data-e-type=\"widget\" data-widget_type=\"text-editor.default\">\n\t\t\t\t<div class=\"elementor-widget-container\">\n\t\t\t\t\t\t\t\t\t<h2>F\u00fctterung und Ern\u00e4hrung<\/h2>\t\t\t\t\t\t\t\t<\/div>\n\t\t\t\t<\/div>\n\t\t\t\t<div class=\"elementor-element elementor-element-b4b2be2 elementor-widget elementor-widget-text-editor\" data-id=\"b4b2be2\" data-element_type=\"widget\" data-e-type=\"widget\" data-widget_type=\"text-editor.default\">\n\t\t\t\t<div class=\"elementor-widget-container\">\n\t\t\t\t\t\t\t\t\t<p>Gro\u00dfe Betonung bei der Tierzucht wird auf die F\u00fctterung und Ern\u00e4hrung gelegt. In diesem Bereich wird das Thema mit anerkannten Experten in einzelnen Gebieten hinsichtlich Futter, Menge u. \u00e4. besprochen. Man widmet diesen Themenbereichen ausreichend Zeit.<\/p><p>Die Futteranlagen sind zur praktischen Nutzung gebaut und einzelnen Tierarten und Altersklassen angepasst. Sie werden entsprechend sauber gehalten und laufend mit geeigneten Mitteln desinfiziert.<\/p><p>Die Futterplatzfl\u00e4chen sind mit Bruchkalkstein befestigt und werden regelm\u00e4\u00dfig desinfiziert (in den Sommermonaten h\u00e4ufiger). Es wird regelm\u00e4\u00dfig Mist abgenommen, der nach einzelnen Abteilungen und Tierart gekennzeichnet ist. Dieser wird mit dem Ziel der \u00dcberwachung des Gesundheitszustandes untersucht, wor\u00fcber eine konsequente Erfassung gef\u00fchrt wird.<\/p><p>Die Beschaffung von neuen Tieren ist durch Bluttests und Misttests bedingt.<\/p>\t\t\t\t\t\t\t\t<\/div>\n\t\t\t\t<\/div>\n\t\t\t\t\t<\/div>\n\t\t<\/div>\n\t\t\t\t\t<\/div>\n\t\t<\/section>\n\t\t\t\t<\/div>\n\t\t","protected":false},"excerpt":{"rendered":"<p>F\u00fctterung und Ern\u00e4hrung Gro\u00dfe Betonung bei der Tierzucht wird auf die F\u00fctterung und Ern\u00e4hrung gelegt. In diesem Bereich wird das Thema mit anerkannten Experten in einzelnen Gebieten hinsichtlich Futter, Menge u. \u00e4. besprochen. Man widmet diesen Themenbereichen ausreichend Zeit. Die Futteranlagen sind zur praktischen Nutzung gebaut und einzelnen Tierarten und Altersklassen angepasst. Sie werden entsprechend [&hellip;]<\/p>\n","protected":false},"author":1,"featured_media":0,"parent":0,"menu_order":0,"comment_status":"closed","ping_status":"closed","template":"","meta":{"footnotes":""},"class_list":["post-3366","page","type-page","status-publish","hentry"],"_links":{"self":[{"href":"https:\/\/www.bielypotok.com\/de\/wp-json\/wp\/v2\/pages\/3366","targetHints":{"allow":["GET"]}}],"collection":[{"href":"https:\/\/www.bielypotok.com\/de\/wp-json\/wp\/v2\/pages"}],"about":[{"href":"https:\/\/www.bielypotok.com\/de\/wp-json\/wp\/v2\/types\/page"}],"author":[{"embeddable":true,"href":"https:\/\/www.bielypotok.com\/de\/wp-json\/wp\/v2\/users\/1"}],"replies":[{"embeddable":true,"href":"https:\/\/www.bielypotok.com\/de\/wp-json\/wp\/v2\/comments?post=3366"}],"version-history":[{"count":5,"href":"https:\/\/www.bielypotok.com\/de\/wp-json\/wp\/v2\/pages\/3366\/revisions"}],"predecessor-version":[{"id":3488,"href":"https:\/\/www.bielypotok.com\/de\/wp-json\/wp\/v2\/pages\/3366\/revisions\/3488"}],"wp:attachment":[{"href":"https:\/\/www.bielypotok.com\/de\/wp-json\/wp\/v2\/media?parent=3366"}],"curies":[{"name":"wp","href":"https:\/\/api.w.org\/{rel}","templated":true}]}}