{"id":3331,"date":"2020-12-06T15:34:24","date_gmt":"2020-12-06T14:34:24","guid":{"rendered":"https:\/\/bielypotok.canagon.net\/?page_id=3331"},"modified":"2020-12-06T16:32:48","modified_gmt":"2020-12-06T15:32:48","slug":"location","status":"publish","type":"page","link":"https:\/\/www.bielypotok.com\/en\/location","title":{"rendered":"Location"},"content":{"rendered":"\t\t<div data-elementor-type=\"wp-page\" data-elementor-id=\"3331\" class=\"elementor elementor-3331\" data-elementor-post-type=\"page\">\n\t\t\t\t\t\t<section class=\"elementor-section elementor-top-section elementor-element elementor-element-9740172 elementor-section-boxed elementor-section-height-default elementor-section-height-default\" data-id=\"9740172\" data-element_type=\"section\" data-e-type=\"section\">\n\t\t\t\t\t\t<div class=\"elementor-container elementor-column-gap-default\">\n\t\t\t\t\t<div class=\"elementor-column elementor-col-100 elementor-top-column elementor-element elementor-element-70e03f2\" data-id=\"70e03f2\" data-element_type=\"column\" data-e-type=\"column\">\n\t\t\t<div class=\"elementor-widget-wrap elementor-element-populated\">\n\t\t\t\t\t\t<div class=\"elementor-element elementor-element-8cda7d0 elementor-widget elementor-widget-text-editor\" data-id=\"8cda7d0\" data-element_type=\"widget\" data-e-type=\"widget\" data-widget_type=\"text-editor.default\">\n\t\t\t\t<div class=\"elementor-widget-container\">\n\t\t\t\t\t\t\t\t\t<h2>Location<\/h2>\t\t\t\t\t\t\t\t<\/div>\n\t\t\t\t<\/div>\n\t\t\t\t<div class=\"elementor-element elementor-element-bc9858b elementor-widget elementor-widget-text-editor\" data-id=\"bc9858b\" data-element_type=\"widget\" data-e-type=\"widget\" data-widget_type=\"text-editor.default\">\n\t\t\t\t<div class=\"elementor-widget-container\">\n\t\t\t\t\t\t\t\t\t<p>Game preserve Biely Potok is located in Tren\u010d\u00edn in the district of Pova\u017esk\u00e1 Bystrica in the administrative territory of the municipalities T\u0155stie and Pru\u017eina in an altitude of about 400 m. According to hunting regionalization it belongs to hunting area for deer breeding J III Str\u00e1\u017eovsk\u00e9 vrchy, subarea Str\u00e1\u017eov. Total area of game preserve is 246 ha, of which forests occupy 204 ha \/ 83% \/ and agricultural land \/ meadows and pastures \/ 42 ha \/ 17% \/.<\/p><p>In the forests 57% represent hardwoods and 43% conifers. The dominant tree species is beech with 57%, followed by pine \/ 30% \/ and spruce 13%. The climate is in the temperate region. The geological structure is the triassic dolomites and limestone with abundant admixture of shale belonging to Cho\u010d nappe. From the hunting point of view it is an extremely attractive location with places of almost inaccessible terrain and rocky gorges.<\/p>\t\t\t\t\t\t\t\t<\/div>\n\t\t\t\t<\/div>\n\t\t\t\t<div class=\"elementor-element elementor-element-29524e3 elementor-widget elementor-widget-image\" data-id=\"29524e3\" data-element_type=\"widget\" data-e-type=\"widget\" data-widget_type=\"image.default\">\n\t\t\t\t<div class=\"elementor-widget-container\">\n\t\t\t\t\t\t\t\t\t\t\t\t\t\t\t<img fetchpriority=\"high\" decoding=\"async\" width=\"300\" height=\"269\" src=\"https:\/\/www.bielypotok.com\/wp-content\/uploads\/lokalita-w300.jpg\" class=\"attachment-large size-large wp-image-308\" alt=\"\" \/>\t\t\t\t\t\t\t\t\t\t\t\t\t\t\t<\/div>\n\t\t\t\t<\/div>\n\t\t\t\t\t<\/div>\n\t\t<\/div>\n\t\t\t\t\t<\/div>\n\t\t<\/section>\n\t\t\t\t<\/div>\n\t\t","protected":false},"excerpt":{"rendered":"<p>Location Game preserve Biely Potok is located in Tren\u010d\u00edn in the district of Pova\u017esk\u00e1 Bystrica in the administrative territory of the municipalities T\u0155stie and Pru\u017eina in an altitude of about 400 m. According to hunting regionalization it belongs to hunting area for deer breeding J III Str\u00e1\u017eovsk\u00e9 vrchy, subarea Str\u00e1\u017eov. Total area of game preserve [&hellip;]<\/p>\n","protected":false},"author":1,"featured_media":0,"parent":0,"menu_order":0,"comment_status":"closed","ping_status":"closed","template":"","meta":{"footnotes":""},"class_list":["post-3331","page","type-page","status-publish","hentry"],"_links":{"self":[{"href":"https:\/\/www.bielypotok.com\/en\/wp-json\/wp\/v2\/pages\/3331","targetHints":{"allow":["GET"]}}],"collection":[{"href":"https:\/\/www.bielypotok.com\/en\/wp-json\/wp\/v2\/pages"}],"about":[{"href":"https:\/\/www.bielypotok.com\/en\/wp-json\/wp\/v2\/types\/page"}],"author":[{"embeddable":true,"href":"https:\/\/www.bielypotok.com\/en\/wp-json\/wp\/v2\/users\/1"}],"replies":[{"embeddable":true,"href":"https:\/\/www.bielypotok.com\/en\/wp-json\/wp\/v2\/comments?post=3331"}],"version-history":[{"count":5,"href":"https:\/\/www.bielypotok.com\/en\/wp-json\/wp\/v2\/pages\/3331\/revisions"}],"predecessor-version":[{"id":3478,"href":"https:\/\/www.bielypotok.com\/en\/wp-json\/wp\/v2\/pages\/3331\/revisions\/3478"}],"wp:attachment":[{"href":"https:\/\/www.bielypotok.com\/en\/wp-json\/wp\/v2\/media?parent=3331"}],"curies":[{"name":"wp","href":"https:\/\/api.w.org\/{rel}","templated":true}]}}