{"id":3301,"date":"2020-12-06T15:27:10","date_gmt":"2020-12-06T14:27:10","guid":{"rendered":"https:\/\/bielypotok.canagon.net\/?page_id=3301"},"modified":"2020-12-06T16:40:03","modified_gmt":"2020-12-06T15:40:03","slug":"%d0%be%d0%b1%d1%8a%d1%8f%d0%b2%d0%bb%d0%b5%d0%bd%d0%b8%d1%8f","status":"publish","type":"page","link":"https:\/\/www.bielypotok.com\/ru\/%d0%be%d0%b1%d1%8a%d1%8f%d0%b2%d0%bb%d0%b5%d0%bd%d0%b8%d1%8f","title":{"rendered":"\u041e\u0431\u044a\u044f\u0432\u043b\u0435\u043d\u0438\u044f"},"content":{"rendered":"\t\t<div data-elementor-type=\"wp-page\" data-elementor-id=\"3301\" class=\"elementor elementor-3301\" data-elementor-post-type=\"page\">\n\t\t\t\t\t\t<section class=\"elementor-section elementor-top-section elementor-element elementor-element-70084de elementor-section-boxed elementor-section-height-default elementor-section-height-default\" data-id=\"70084de\" data-element_type=\"section\" data-e-type=\"section\">\n\t\t\t\t\t\t<div class=\"elementor-container elementor-column-gap-default\">\n\t\t\t\t\t<div class=\"elementor-column elementor-col-100 elementor-top-column elementor-element elementor-element-ad452e7\" data-id=\"ad452e7\" data-element_type=\"column\" data-e-type=\"column\">\n\t\t\t<div class=\"elementor-widget-wrap elementor-element-populated\">\n\t\t\t\t\t\t<div class=\"elementor-element elementor-element-41d8cee elementor-widget elementor-widget-text-editor\" data-id=\"41d8cee\" data-element_type=\"widget\" data-e-type=\"widget\" data-widget_type=\"text-editor.default\">\n\t\t\t\t<div class=\"elementor-widget-container\">\n\t\t\t\t\t\t\t\t\t<h2>Verejn\u00e9 obstar\u00e1vanie<\/h2><p>V s\u00falade s \u00a7 9 ods. 9 z\u00e1kona \u010d.25\/2006 Z.z. o verejnom obstar\u00e1van\u00ed a o zmene a doplnen\u00ed niektor\u00fdch z\u00e1konov v znen\u00ed neskor\u0161\u00edch predpisov zverej\u0148ujeme zad\u00e1vanie z\u00e1kaziek, ak ich predpokladan\u00e1 hodnota je rovnak\u00e1 alebo vy\u0161\u0161ia ako 1 000 eur.<\/p><p>Lesn\u00e1 protipo\u017eiarna cesta \u010d.6 v lokalite Doln\u00fd Lieskov, d\u00e1tum: 30.01.2014<\/p><ul><li><span style=\"text-decoration: underline;\"><a href=\"\/wp-content\/uploads\/Info.Lesna_.Protipoziarna.Cesta_.c6.vLokalite.Dolny_.Lieskov.doc\">Info Lesn\u00e1 protipo\u017eiarna cesta \u010d.6 v lokalite Doln\u00fd Lieskov<\/a><\/span><\/li><li><span style=\"text-decoration: underline;\"><a href=\"\/wp-content\/uploads\/Vyzva-na-predkladanie-ponuk-cesta.pdf\">V\u00fdzva na predkladanie pon\u00fak cesta<\/a><\/span><\/li><li><span style=\"text-decoration: underline;\"><a href=\"\/wp-content\/uploads\/01_Technicka.sprava.pdf\">01-Technick\u00e1 spr\u00e1va<\/a><\/span><\/li><li><span style=\"text-decoration: underline;\"><a href=\"\/wp-content\/uploads\/02_Situacia.pdf\">02-situ\u00e1cia<\/a><\/span><\/li><li><span style=\"text-decoration: underline;\"><a href=\"\/wp-content\/uploads\/03_Pozdlzny.profil.pdf\">03-pozd\u013a\u017eny profil<\/a><\/span><\/li><li><a href=\"\/wp-content\/uploads\/04_Vzorovy.priecny.-rez.pdf\"><span style=\"text-decoration: underline;\">04-vzorov\u00fd prie\u010dny rez<\/span><\/a><\/li><li><span style=\"text-decoration: underline;\"><a href=\"\/wp-content\/uploads\/05_Vytycovaci.vykres.pdf\">05-vyty\u010dovac\u00ed v\u00fdkres<\/a><\/span><\/li><li><span style=\"text-decoration: underline;\"><a href=\"\/wp-content\/uploads\/06_Vykaz.vymer_.pdf\">06-v\u00fdkaz, v\u00fdmer<\/a><\/span><\/li><\/ul><p>Obnova lesn\u00fdch porastov, d\u00e1tum: 30.01.2014<\/p><ul><li><span style=\"text-decoration: underline;\"><a href=\"\/wp-content\/uploads\/Info.Obnova.Lesnych.Porastov.doc\">Info Obnova lesn\u00fdch porastov<\/a><\/span><\/li><li><span style=\"text-decoration: underline;\"><a href=\"\/wp-content\/uploads\/Vyzva-na-predkladanie-ponuk-obnova.pdf\">V\u00fdzva na predkladanie pon\u00fak obnova<\/a><\/span><\/li><\/ul><p>Ochrana mlad\u00fdch lesn\u00fdch porastov proti zveri, d\u00e1tum: 30.01.2014<\/p><ul><li><span style=\"text-decoration: underline;\"><a href=\"\/wp-content\/uploads\/Info.Ochrana.Mladych.Lesnych.Porastov.Proti_.Zveri_.doc\">Info Ochrana mlad\u00fdch lesn\u00fdch porastov proti zveri<\/a><\/span><\/li><li><span style=\"text-decoration: underline;\"><a href=\"\/wp-content\/uploads\/Vyzva-na-predkladanie-ponuk-ochrana.pdf\">V\u00fdzva na predkladanie pon\u00fak ochrana<\/a><\/span><\/li><\/ul>\t\t\t\t\t\t\t\t<\/div>\n\t\t\t\t<\/div>\n\t\t\t\t\t<\/div>\n\t\t<\/div>\n\t\t\t\t\t<\/div>\n\t\t<\/section>\n\t\t\t\t<\/div>\n\t\t","protected":false},"excerpt":{"rendered":"<p>Verejn\u00e9 obstar\u00e1vanie V s\u00falade s \u00a7 9 ods. 9 z\u00e1kona \u010d.25\/2006 Z.z. o verejnom obstar\u00e1van\u00ed a o zmene a doplnen\u00ed niektor\u00fdch z\u00e1konov v znen\u00ed neskor\u0161\u00edch predpisov zverej\u0148ujeme zad\u00e1vanie z\u00e1kaziek, ak ich predpokladan\u00e1 hodnota je rovnak\u00e1 alebo vy\u0161\u0161ia ako 1 000 eur. Lesn\u00e1 protipo\u017eiarna cesta \u010d.6 v lokalite Doln\u00fd Lieskov, d\u00e1tum: 30.01.2014 Info Lesn\u00e1 protipo\u017eiarna cesta [&hellip;]<\/p>\n","protected":false},"author":1,"featured_media":0,"parent":0,"menu_order":0,"comment_status":"closed","ping_status":"closed","template":"","meta":{"footnotes":""},"class_list":["post-3301","page","type-page","status-publish","hentry"],"_links":{"self":[{"href":"https:\/\/www.bielypotok.com\/ru\/wp-json\/wp\/v2\/pages\/3301","targetHints":{"allow":["GET"]}}],"collection":[{"href":"https:\/\/www.bielypotok.com\/ru\/wp-json\/wp\/v2\/pages"}],"about":[{"href":"https:\/\/www.bielypotok.com\/ru\/wp-json\/wp\/v2\/types\/page"}],"author":[{"embeddable":true,"href":"https:\/\/www.bielypotok.com\/ru\/wp-json\/wp\/v2\/users\/1"}],"replies":[{"embeddable":true,"href":"https:\/\/www.bielypotok.com\/ru\/wp-json\/wp\/v2\/comments?post=3301"}],"version-history":[{"count":5,"href":"https:\/\/www.bielypotok.com\/ru\/wp-json\/wp\/v2\/pages\/3301\/revisions"}],"predecessor-version":[{"id":3500,"href":"https:\/\/www.bielypotok.com\/ru\/wp-json\/wp\/v2\/pages\/3301\/revisions\/3500"}],"wp:attachment":[{"href":"https:\/\/www.bielypotok.com\/ru\/wp-json\/wp\/v2\/media?parent=3301"}],"curies":[{"name":"wp","href":"https:\/\/api.w.org\/{rel}","templated":true}]}}